{"id":26,"date":"2018-09-19T11:13:29","date_gmt":"2018-09-19T11:13:29","guid":{"rendered":"http:\/\/mdsdefense.com\/tr\/?page_id=26"},"modified":"2018-10-30T11:12:56","modified_gmt":"2018-10-30T11:12:56","slug":"hakkimizda","status":"publish","type":"page","link":"https:\/\/mdsdefense.com\/tr\/kurumsal\/hakkimizda\/","title":{"rendered":"Hakk\u0131m\u0131zda"},"content":{"rendered":"<p>[vc_row][vc_column][vc_column_text]MDS, savunma sanayiinde kullan\u0131lan en g\u00fcncel teknolojik ekipmanlar ile birlikte anahtar teslimi askeri projeler tasarlayan ve in\u015fa eden bir kurulu\u015ftur.<\/p>\n<p>Ba\u015fl\u0131ca askeri \u00e7\u00f6z\u00fcmlerimiz;<\/p>\n<p>\u2022 E\u011fitim tesisleri ve k\u0131\u015flalar,<br \/>\n\u2022 At\u0131\u015f poligonlar\u0131 ve Lazer &amp; Interaktif poligonlar,<br \/>\n\u2022 Ger\u00e7e\u011fi ile birebir uyumlu tatbikat tesisleri,<br \/>\n\u2022 Bomba imha tesisleri,<br \/>\n\u2022 Askeri E\u011fitim sim\u00fclasyonlar\u0131, (U\u00e7u\u015f, Huet, Kurtarma vs.)<br \/>\n\u2022 ilk yard\u0131m &amp; Tedavi ekipmanlar\u0131 ve sim\u00fclasyonlar\u0131,<br \/>\n\u2022 Bak\u0131m Hangarlar\u0131,<\/p>\n<p>\u2022 Silah bak\u0131m &amp; onar\u0131m tesisleri,<br \/>\n\u2022 NATO standartlar\u0131na uygun mobil k\u0131\u015flalar,<br \/>\n\u2022 Bak\u0131m Hangarlar\u0131,<\/p>\n<p>\u015eirketimizin genel merkezi \u0130stanbul&#8217;da ve ayr\u0131ca Doha \/ Katar&#8217;da \u015fubemiz bulunmaktad\u0131r.<\/p>\n<p>MDS olarak \u0130leride olu\u015fabilecek ihtiya\u00e7lara cevap verebilecek esneklikte tasarlad\u0131\u011f\u0131m\u0131z tesislerde, son teknolojik olanaklardan yararlan\u0131larak ve kullan\u0131m&amp;bak\u0131m kolayl\u0131klar\u0131 \u00f6n planda tutularak in\u015fa ediliyor. Ayr\u0131ca\u00a0tesislerin sorunsuz \u00e7al\u0131\u015fmas\u0131n\u0131 sa\u011flamak i\u00e7in m\u00fc\u015fterilerine y\u00f6netim ve sat\u0131\u015f sonras\u0131 bak\u0131m hizmetleri vermekteyiz.[\/vc_column_text][\/vc_column][\/vc_row]<\/p>\n","protected":false},"excerpt":{"rendered":"<p>[vc_row][vc_column][vc_column_text]MDS, savunma sanayiinde kullan\u0131lan en g\u00fcncel teknolojik ekipmanlar ile birlikte anahtar teslimi askeri projeler tasarlayan ve in\u015fa eden bir kurulu\u015ftur. Ba\u015fl\u0131ca askeri \u00e7\u00f6z\u00fcmlerimiz; \u2022 E\u011fitim tesisleri ve k\u0131\u015flalar, \u2022 At\u0131\u015f poligonlar\u0131 ve Lazer &amp; Interaktif poligonlar, \u2022 Ger\u00e7e\u011fi ile birebir uyumlu tatbikat tesisleri, \u2022 Bomba imha tesisleri, \u2022 Askeri E\u011fitim sim\u00fclasyonlar\u0131, (U\u00e7u\u015f, Huet, Kurtarma vs.)&hellip;<\/p>\n","protected":false},"author":1,"featured_media":0,"parent":16,"menu_order":0,"comment_status":"closed","ping_status":"closed","template":"","meta":[],"_links":{"self":[{"href":"https:\/\/mdsdefense.com\/tr\/wp-json\/wp\/v2\/pages\/26"}],"collection":[{"href":"https:\/\/mdsdefense.com\/tr\/wp-json\/wp\/v2\/pages"}],"about":[{"href":"https:\/\/mdsdefense.com\/tr\/wp-json\/wp\/v2\/types\/page"}],"author":[{"embeddable":true,"href":"https:\/\/mdsdefense.com\/tr\/wp-json\/wp\/v2\/users\/1"}],"replies":[{"embeddable":true,"href":"https:\/\/mdsdefense.com\/tr\/wp-json\/wp\/v2\/comments?post=26"}],"version-history":[{"count":5,"href":"https:\/\/mdsdefense.com\/tr\/wp-json\/wp\/v2\/pages\/26\/revisions"}],"predecessor-version":[{"id":516,"href":"https:\/\/mdsdefense.com\/tr\/wp-json\/wp\/v2\/pages\/26\/revisions\/516"}],"up":[{"embeddable":true,"href":"https:\/\/mdsdefense.com\/tr\/wp-json\/wp\/v2\/pages\/16"}],"wp:attachment":[{"href":"https:\/\/mdsdefense.com\/tr\/wp-json\/wp\/v2\/media?parent=26"}],"curies":[{"name":"wp","href":"https:\/\/api.w.org\/{rel}","templated":true}]}}