{"id":288,"date":"2018-09-25T16:00:42","date_gmt":"2018-09-25T13:00:42","guid":{"rendered":"http:\/\/mdsdefense.com\/tr\/?page_id=288"},"modified":"2020-12-09T14:04:07","modified_gmt":"2020-12-09T11:04:07","slug":"training-center-for-special-forces","status":"publish","type":"page","link":"https:\/\/mdsdefense.com\/tr\/projeler\/training-center-for-special-forces\/","title":{"rendered":"Training Center For  Special Forces"},"content":{"rendered":"<p>[vc_row type=&#8221;vc_default&#8221;][vc_column][vc_column_text]<strong>Training Center For Special Forces<\/strong><\/p>\n<p>\u0130leride olu\u015fabilecek ihtiya\u00e7lara cevap verebilecek esneklikte tasarlanan merkezde, son teknolojik olanaklardan yararlan\u0131l\u0131yor ve kullan\u0131m-bak\u0131m kolayl\u0131klar\u0131 \u00f6n planda tutululuyor.[\/vc_column_text][\/vc_column][\/vc_row]<\/p>\n","protected":false},"excerpt":{"rendered":"<p>[vc_row type=&#8221;vc_default&#8221;][vc_column][vc_column_text]Training Center For Special Forces \u0130leride olu\u015fabilecek ihtiya\u00e7lara cevap verebilecek esneklikte tasarlanan merkezde, son teknolojik olanaklardan yararlan\u0131l\u0131yor ve kullan\u0131m-bak\u0131m kolayl\u0131klar\u0131 \u00f6n planda tutululuyor.[\/vc_column_text][\/vc_column][\/vc_row]<\/p>\n","protected":false},"author":1,"featured_media":0,"parent":22,"menu_order":0,"comment_status":"closed","ping_status":"closed","template":"","meta":[],"_links":{"self":[{"href":"https:\/\/mdsdefense.com\/tr\/wp-json\/wp\/v2\/pages\/288"}],"collection":[{"href":"https:\/\/mdsdefense.com\/tr\/wp-json\/wp\/v2\/pages"}],"about":[{"href":"https:\/\/mdsdefense.com\/tr\/wp-json\/wp\/v2\/types\/page"}],"author":[{"embeddable":true,"href":"https:\/\/mdsdefense.com\/tr\/wp-json\/wp\/v2\/users\/1"}],"replies":[{"embeddable":true,"href":"https:\/\/mdsdefense.com\/tr\/wp-json\/wp\/v2\/comments?post=288"}],"version-history":[{"count":5,"href":"https:\/\/mdsdefense.com\/tr\/wp-json\/wp\/v2\/pages\/288\/revisions"}],"predecessor-version":[{"id":532,"href":"https:\/\/mdsdefense.com\/tr\/wp-json\/wp\/v2\/pages\/288\/revisions\/532"}],"up":[{"embeddable":true,"href":"https:\/\/mdsdefense.com\/tr\/wp-json\/wp\/v2\/pages\/22"}],"wp:attachment":[{"href":"https:\/\/mdsdefense.com\/tr\/wp-json\/wp\/v2\/media?parent=288"}],"curies":[{"name":"wp","href":"https:\/\/api.w.org\/{rel}","templated":true}]}}