{"id":29,"date":"2018-09-19T11:14:18","date_gmt":"2018-09-19T11:14:18","guid":{"rendered":"http:\/\/mdsdefense.com\/tr\/?page_id=29"},"modified":"2018-09-19T11:14:18","modified_gmt":"2018-09-19T11:14:18","slug":"baskanin-mesaji","status":"publish","type":"page","link":"https:\/\/mdsdefense.com\/tr\/kurumsal\/baskanin-mesaji\/","title":{"rendered":"Ba\u015fkan\u0131n Mesaj\u0131"},"content":{"rendered":"<p>Son y\u0131llarda ulusal pazarda in\u015faat sekt\u00f6r\u00fcnde g\u00f6sterdi\u011fimiz at\u0131l\u0131m ve \u00fcstlendi\u011fimiz projeler, MDS nin uluslararas\u0131 pazarda prestijinin daha da artmas\u0131nda b\u00fcy\u00fck rol oynam\u0131\u015ft\u0131r.<\/p>\n<p>Amac\u0131m\u0131z, istikrarl\u0131 b\u00fcy\u00fcmek, s\u00fcrekli geli\u015fmek , T\u00fcrkiyedeki do\u011fal kaynaklar\u0131 en verimli \u015fekilde kullanarak \u00dclke Ekonomisine katk\u0131 sa\u011flamak, Modern \u00e7a\u011f\u0131 takip ederek \u00e7al\u0131\u015fana de\u011fer veren ve m\u00fc\u015fteri memnuniyetini \u00f6n planda tutan bir anlay\u0131\u015f i\u00e7erisinde olmakt\u0131r.<\/p>\n","protected":false},"excerpt":{"rendered":"<p>Son y\u0131llarda ulusal pazarda in\u015faat sekt\u00f6r\u00fcnde g\u00f6sterdi\u011fimiz at\u0131l\u0131m ve \u00fcstlendi\u011fimiz projeler, MDS nin uluslararas\u0131 pazarda prestijinin daha da artmas\u0131nda b\u00fcy\u00fck rol oynam\u0131\u015ft\u0131r. Amac\u0131m\u0131z, istikrarl\u0131 b\u00fcy\u00fcmek, s\u00fcrekli geli\u015fmek , T\u00fcrkiyedeki do\u011fal kaynaklar\u0131 en verimli \u015fekilde kullanarak \u00dclke Ekonomisine katk\u0131 sa\u011flamak, Modern \u00e7a\u011f\u0131 takip ederek \u00e7al\u0131\u015fana de\u011fer veren ve m\u00fc\u015fteri memnuniyetini \u00f6n planda tutan bir anlay\u0131\u015f i\u00e7erisinde&hellip;<\/p>\n","protected":false},"author":1,"featured_media":0,"parent":16,"menu_order":0,"comment_status":"closed","ping_status":"closed","template":"","meta":[],"_links":{"self":[{"href":"https:\/\/mdsdefense.com\/tr\/wp-json\/wp\/v2\/pages\/29"}],"collection":[{"href":"https:\/\/mdsdefense.com\/tr\/wp-json\/wp\/v2\/pages"}],"about":[{"href":"https:\/\/mdsdefense.com\/tr\/wp-json\/wp\/v2\/types\/page"}],"author":[{"embeddable":true,"href":"https:\/\/mdsdefense.com\/tr\/wp-json\/wp\/v2\/users\/1"}],"replies":[{"embeddable":true,"href":"https:\/\/mdsdefense.com\/tr\/wp-json\/wp\/v2\/comments?post=29"}],"version-history":[{"count":0,"href":"https:\/\/mdsdefense.com\/tr\/wp-json\/wp\/v2\/pages\/29\/revisions"}],"up":[{"embeddable":true,"href":"https:\/\/mdsdefense.com\/tr\/wp-json\/wp\/v2\/pages\/16"}],"wp:attachment":[{"href":"https:\/\/mdsdefense.com\/tr\/wp-json\/wp\/v2\/media?parent=29"}],"curies":[{"name":"wp","href":"https:\/\/api.w.org\/{rel}","templated":true}]}}