{"id":294,"date":"2018-09-25T16:05:10","date_gmt":"2018-09-25T16:05:10","guid":{"rendered":"http:\/\/mdsdefense.com\/tr\/?page_id=294"},"modified":"2018-10-30T09:00:21","modified_gmt":"2018-10-30T09:00:21","slug":"hangar-for-qatar-emiri-maintenance-corp-of-qatar-armed-forces","status":"publish","type":"page","link":"https:\/\/mdsdefense.com\/tr\/projeler\/hangar-for-qatar-emiri-maintenance-corp-of-qatar-armed-forces\/","title":{"rendered":"Hangar for Qatar Emiri Maintenance Corp of Qatar Armed Forces"},"content":{"rendered":"<p>[vc_row][vc_column][vc_single_image image=&#8221;492&#8243; img_size=&#8221;full&#8221; style=&#8221;vc_box_rounded&#8221;][vc_column_text]<strong>Hangar for Qatar Emiri Maintenance Corp of Qatar Armed Forces<\/strong><\/p>\n<p>Tesis, KATAR ASKER\u0130 KUVVETLER\u0130 ara\u00e7lar\u0131n\u0131n son teknoloji ile donat\u0131lm\u0131\u015f bak\u0131m-onar\u0131m ihtiya\u00e7lar\u0131n\u0131 gidermek i\u00e7in in\u015fa ediliyor.<\/p>\n<p>\u0130leride olu\u015fabilecek ihtiya\u00e7lara cevap verebilecek esneklikte tasarlanan merkezde, son teknolojik olanaklardan yararlan\u0131lacak ve kullan\u0131m-bak\u0131m kolayl\u0131klar\u0131 \u00f6n planda tutuluyor.[\/vc_column_text][\/vc_column][\/vc_row]<\/p>\n","protected":false},"excerpt":{"rendered":"<p>[vc_row][vc_column][vc_single_image image=&#8221;492&#8243; img_size=&#8221;full&#8221; style=&#8221;vc_box_rounded&#8221;][vc_column_text]Hangar for Qatar Emiri Maintenance Corp of Qatar Armed Forces Tesis, KATAR ASKER\u0130 KUVVETLER\u0130 ara\u00e7lar\u0131n\u0131n son teknoloji ile donat\u0131lm\u0131\u015f bak\u0131m-onar\u0131m ihtiya\u00e7lar\u0131n\u0131 gidermek i\u00e7in in\u015fa ediliyor. \u0130leride olu\u015fabilecek ihtiya\u00e7lara cevap verebilecek esneklikte tasarlanan merkezde, son teknolojik olanaklardan yararlan\u0131lacak ve kullan\u0131m-bak\u0131m kolayl\u0131klar\u0131 \u00f6n planda tutuluyor.[\/vc_column_text][\/vc_column][\/vc_row]<\/p>\n","protected":false},"author":1,"featured_media":0,"parent":22,"menu_order":0,"comment_status":"closed","ping_status":"closed","template":"","meta":[],"_links":{"self":[{"href":"https:\/\/mdsdefense.com\/tr\/wp-json\/wp\/v2\/pages\/294"}],"collection":[{"href":"https:\/\/mdsdefense.com\/tr\/wp-json\/wp\/v2\/pages"}],"about":[{"href":"https:\/\/mdsdefense.com\/tr\/wp-json\/wp\/v2\/types\/page"}],"author":[{"embeddable":true,"href":"https:\/\/mdsdefense.com\/tr\/wp-json\/wp\/v2\/users\/1"}],"replies":[{"embeddable":true,"href":"https:\/\/mdsdefense.com\/tr\/wp-json\/wp\/v2\/comments?post=294"}],"version-history":[{"count":3,"href":"https:\/\/mdsdefense.com\/tr\/wp-json\/wp\/v2\/pages\/294\/revisions"}],"predecessor-version":[{"id":507,"href":"https:\/\/mdsdefense.com\/tr\/wp-json\/wp\/v2\/pages\/294\/revisions\/507"}],"up":[{"embeddable":true,"href":"https:\/\/mdsdefense.com\/tr\/wp-json\/wp\/v2\/pages\/22"}],"wp:attachment":[{"href":"https:\/\/mdsdefense.com\/tr\/wp-json\/wp\/v2\/media?parent=294"}],"curies":[{"name":"wp","href":"https:\/\/api.w.org\/{rel}","templated":true}]}}