{"id":31,"date":"2018-09-19T11:14:29","date_gmt":"2018-09-19T11:14:29","guid":{"rendered":"http:\/\/mdsdefense.com\/tr\/?page_id=31"},"modified":"2018-09-19T11:14:29","modified_gmt":"2018-09-19T11:14:29","slug":"vizyon-misyon","status":"publish","type":"page","link":"https:\/\/mdsdefense.com\/tr\/kurumsal\/vizyon-misyon\/","title":{"rendered":"Vizyon &#038; Misyon"},"content":{"rendered":"<p><strong>V\u0130ZYONUMUZ<\/strong><br \/>\nD\u00fcnya genelinde hizmet veren, Sekt\u00f6r\u00fcnde Farkl\u0131l\u0131klar yaratarak kal\u0131c\u0131 \u00fcst\u00fcnl\u00fckler sa\u011flayarak tercih edilen marka olmak.<\/p>\n<p><strong>M\u0130SYONUMUZ<\/strong><br \/>\nG\u00fcvenli Kaliteli uygun maliyetli projeler tasarlamak ve in\u015faa etmek,<br \/>\nKalitesi ve G\u00fcvenirlili\u011fi ile M\u00fc\u015fteri memnuniyetini ve ba\u011fl\u0131l\u0131\u011f\u0131n\u0131 sa\u011flamak.<\/p>\n","protected":false},"excerpt":{"rendered":"<p>V\u0130ZYONUMUZ D\u00fcnya genelinde hizmet veren, Sekt\u00f6r\u00fcnde Farkl\u0131l\u0131klar yaratarak kal\u0131c\u0131 \u00fcst\u00fcnl\u00fckler sa\u011flayarak tercih edilen marka olmak. M\u0130SYONUMUZ G\u00fcvenli Kaliteli uygun maliyetli projeler tasarlamak ve in\u015faa etmek, Kalitesi ve G\u00fcvenirlili\u011fi ile M\u00fc\u015fteri memnuniyetini ve ba\u011fl\u0131l\u0131\u011f\u0131n\u0131 sa\u011flamak.<\/p>\n","protected":false},"author":1,"featured_media":0,"parent":16,"menu_order":0,"comment_status":"closed","ping_status":"closed","template":"","meta":[],"_links":{"self":[{"href":"https:\/\/mdsdefense.com\/tr\/wp-json\/wp\/v2\/pages\/31"}],"collection":[{"href":"https:\/\/mdsdefense.com\/tr\/wp-json\/wp\/v2\/pages"}],"about":[{"href":"https:\/\/mdsdefense.com\/tr\/wp-json\/wp\/v2\/types\/page"}],"author":[{"embeddable":true,"href":"https:\/\/mdsdefense.com\/tr\/wp-json\/wp\/v2\/users\/1"}],"replies":[{"embeddable":true,"href":"https:\/\/mdsdefense.com\/tr\/wp-json\/wp\/v2\/comments?post=31"}],"version-history":[{"count":0,"href":"https:\/\/mdsdefense.com\/tr\/wp-json\/wp\/v2\/pages\/31\/revisions"}],"up":[{"embeddable":true,"href":"https:\/\/mdsdefense.com\/tr\/wp-json\/wp\/v2\/pages\/16"}],"wp:attachment":[{"href":"https:\/\/mdsdefense.com\/tr\/wp-json\/wp\/v2\/media?parent=31"}],"curies":[{"name":"wp","href":"https:\/\/api.w.org\/{rel}","templated":true}]}}