{"id":37,"date":"2018-09-19T11:15:23","date_gmt":"2018-09-19T11:15:23","guid":{"rendered":"http:\/\/mdsdefense.com\/tr\/?page_id=37"},"modified":"2018-11-06T16:45:53","modified_gmt":"2018-11-06T13:45:53","slug":"askeri-egitim-ve-simulasyon-merkezleri","status":"publish","type":"page","link":"https:\/\/mdsdefense.com\/tr\/uzmanlik\/askeri-egitim-ve-simulasyon-merkezleri\/","title":{"rendered":"Askeri E\u011fitim Ve Sim\u00fclasyon Merkezleri"},"content":{"rendered":"<p>[vc_row][vc_column width=&#8221;1\/3&#8243;]\n<div id=\"interactive-banner-1-wrap-6758\" class=\"ult-banner-block ult-adjust-bottom-margin ult-bb-none  banner-style11 \"   style=\"\">\n\t<img src=\"https:\/\/mdsdefense.com\/tr\/wp-content\/uploads\/2018\/10\/Helikopter.jpg\" alt=\"null\">\n\t<h3  data-ultimate-target='#interactive-banner-1-wrap-6758 .bb-top-title '  data-responsive-json-new='{\"font-size\":\"\",\"line-height\":\"\"}'  class=\"title-center bb-top-title ult-responsive\" style=\"font-weight:normal;background:#000000;color:#ffffff;\">Helikopter Sim\u00fclasyon Tesisleri<\/h3>\n\t<div class=\"mask opaque-background\" style=\"background:rgba(36,36,36,0.23);\">\n\t\t<div  data-ultimate-target='#interactive-banner-1-wrap-6758 .bb-description'  data-responsive-json-new='{\"font-size\":\"\",\"line-height\":\"\"}'  class=\"bb-description ult-responsive\" style=\"font-weight:normal;color:#ffffff;\"><\/div>\n\t<\/div>\n<\/div>[\/vc_column][vc_column width=&#8221;1\/3&#8243;]\n<div id=\"interactive-banner-1-wrap-1784\" class=\"ult-banner-block ult-adjust-bottom-margin ult-bb-none  banner-style11 \"   style=\"\">\n\t<img src=\"http:\/\/mdsdefense.com\/tr\/wp-content\/uploads\/2018\/10\/HUET.jpg\" alt=\"null\">\n\t<h3  data-ultimate-target='#interactive-banner-1-wrap-1784 .bb-top-title '  data-responsive-json-new='{\"font-size\":\"\",\"line-height\":\"\"}'  class=\"title-center bb-top-title ult-responsive\" style=\"font-weight:normal;background:#000000;color:#ffffff;\">HUET Sim\u00fclasyon Tesisleri<\/h3>\n\t<div class=\"mask opaque-background\" style=\"background:rgba(36,36,36,0.23);\">\n\t\t<div  data-ultimate-target='#interactive-banner-1-wrap-1784 .bb-description'  data-responsive-json-new='{\"font-size\":\"\",\"line-height\":\"\"}'  class=\"bb-description ult-responsive\" style=\"font-weight:normal;color:#ffffff;\"><\/div>\n\t<\/div>\n<\/div>[\/vc_column][vc_column width=&#8221;1\/3&#8243;]\n<div id=\"interactive-banner-1-wrap-4622\" class=\"ult-banner-block ult-adjust-bottom-margin ult-bb-none  banner-style11 \"   style=\"\">\n\t<img src=\"https:\/\/mdsdefense.com\/tr\/wp-content\/uploads\/2018\/10\/atis.jpg\" alt=\"null\">\n\t<h3  data-ultimate-target='#interactive-banner-1-wrap-4622 .bb-top-title '  data-responsive-json-new='{\"font-size\":\"\",\"line-height\":\"\"}'  class=\"title-center bb-top-title ult-responsive\" style=\"font-weight:normal;background:#000000;color:#ffffff;\">At\u0131\u015f Poligonlar\u0131<\/h3>\n\t<div class=\"mask opaque-background\" style=\"background:rgba(36,36,36,0.23);\">\n\t\t<div  data-ultimate-target='#interactive-banner-1-wrap-4622 .bb-description'  data-responsive-json-new='{\"font-size\":\"\",\"line-height\":\"\"}'  class=\"bb-description ult-responsive\" style=\"font-weight:normal;color:#ffffff;\"><\/div>\n\t<\/div>\n<\/div>[\/vc_column][\/vc_row][vc_row][vc_column width=&#8221;1\/3&#8243;]\n<div id=\"interactive-banner-1-wrap-2014\" class=\"ult-banner-block ult-adjust-bottom-margin ult-bb-none  banner-style11 \"   style=\"\">\n\t<img src=\"https:\/\/mdsdefense.com\/tr\/wp-content\/uploads\/2018\/10\/Parasut.jpg\" alt=\"null\">\n\t<h3  data-ultimate-target='#interactive-banner-1-wrap-2014 .bb-top-title '  data-responsive-json-new='{\"font-size\":\"\",\"line-height\":\"\"}'  class=\"title-center bb-top-title ult-responsive\" style=\"font-weight:normal;background:#000000;color:#ffffff;\">Para\u015f\u00fct E\u011fitim Kuleleri<\/h3>\n\t<div class=\"mask opaque-background\" style=\"background:rgba(36,36,36,0.23);\">\n\t\t<div  data-ultimate-target='#interactive-banner-1-wrap-2014 .bb-description'  data-responsive-json-new='{\"font-size\":\"\",\"line-height\":\"\"}'  class=\"bb-description ult-responsive\" style=\"font-weight:normal;color:#ffffff;\"><\/div>\n\t<\/div>\n<\/div>[\/vc_column][vc_column width=&#8221;1\/3&#8243;]\n<div id=\"interactive-banner-1-wrap-6376\" class=\"ult-banner-block ult-adjust-bottom-margin ult-bb-none  banner-style11 \"   style=\"\">\n\t<img src=\"http:\/\/mdsdefense.com\/tr\/wp-content\/uploads\/2018\/10\/Pentatlon.jpg\" alt=\"null\">\n\t<h3  data-ultimate-target='#interactive-banner-1-wrap-6376 .bb-top-title '  data-responsive-json-new='{\"font-size\":\"\",\"line-height\":\"\"}'  class=\"title-center bb-top-title ult-responsive\" style=\"font-weight:normal;background:#000000;color:#ffffff;\">Pentatlon Sahalar\u0131<\/h3>\n\t<div class=\"mask opaque-background\" style=\"background:rgba(36,36,36,0.23);\">\n\t\t<div  data-ultimate-target='#interactive-banner-1-wrap-6376 .bb-description'  data-responsive-json-new='{\"font-size\":\"\",\"line-height\":\"\"}'  class=\"bb-description ult-responsive\" style=\"font-weight:normal;color:#ffffff;\"><\/div>\n\t<\/div>\n<\/div>[\/vc_column][vc_column width=&#8221;1\/3&#8243;]\n<div id=\"interactive-banner-1-wrap-2518\" class=\"ult-banner-block ult-adjust-bottom-margin ult-bb-none  banner-style11 \"   style=\"\">\n\t<img src=\"https:\/\/mdsdefense.com\/tr\/wp-content\/uploads\/2018\/10\/\u0130nteraktif.jpg\" alt=\"null\">\n\t<h3  data-ultimate-target='#interactive-banner-1-wrap-2518 .bb-top-title '  data-responsive-json-new='{\"font-size\":\"\",\"line-height\":\"\"}'  class=\"title-center bb-top-title ult-responsive\" style=\"font-weight:normal;background:#000000;color:#ffffff;\">\u0130nteraktif E\u011fitim Tesisleri<\/h3>\n\t<div class=\"mask opaque-background\" style=\"background:rgba(36,36,36,0.23);\">\n\t\t<div  data-ultimate-target='#interactive-banner-1-wrap-2518 .bb-description'  data-responsive-json-new='{\"font-size\":\"\",\"line-height\":\"\"}'  class=\"bb-description ult-responsive\" style=\"font-weight:normal;color:#ffffff;\"><\/div>\n\t<\/div>\n<\/div>[\/vc_column][\/vc_row][vc_row][vc_column width=&#8221;1\/3&#8243;]\n<div id=\"interactive-banner-1-wrap-4288\" class=\"ult-banner-block ult-adjust-bottom-margin ult-bb-none  banner-style11 \"   style=\"\">\n\t<img src=\"https:\/\/mdsdefense.com\/tr\/wp-content\/uploads\/2018\/10\/bomba.jpg\" alt=\"null\">\n\t<h3  data-ultimate-target='#interactive-banner-1-wrap-4288 .bb-top-title '  data-responsive-json-new='{\"font-size\":\"\",\"line-height\":\"\"}'  class=\"title-center bb-top-title ult-responsive\" style=\"font-weight:normal;background:#000000;color:#ffffff;\">Bomba \u0130mha E\u011fitim Alanlar\u0131<\/h3>\n\t<div class=\"mask opaque-background\" style=\"background:rgba(36,36,36,0.23);\">\n\t\t<div  data-ultimate-target='#interactive-banner-1-wrap-4288 .bb-description'  data-responsive-json-new='{\"font-size\":\"\",\"line-height\":\"\"}'  class=\"bb-description ult-responsive\" style=\"font-weight:normal;color:#ffffff;\"><\/div>\n\t<\/div>\n<\/div>[\/vc_column][vc_column width=&#8221;1\/3&#8243;]\n<div id=\"interactive-banner-1-wrap-3477\" class=\"ult-banner-block ult-adjust-bottom-margin ult-bb-none  banner-style11 \"   style=\"\">\n\t<img src=\"https:\/\/mdsdefense.com\/tr\/wp-content\/uploads\/2018\/10\/Tatbikat.jpg\" alt=\"null\">\n\t<h3  data-ultimate-target='#interactive-banner-1-wrap-3477 .bb-top-title '  data-responsive-json-new='{\"font-size\":\"\",\"line-height\":\"\"}'  class=\"title-center bb-top-title ult-responsive\" style=\"font-weight:normal;background:#000000;color:#ffffff;\">Tatbikat tesisleri<\/h3>\n\t<div class=\"mask opaque-background\" style=\"background:rgba(36,36,36,0.23);\">\n\t\t<div  data-ultimate-target='#interactive-banner-1-wrap-3477 .bb-description'  data-responsive-json-new='{\"font-size\":\"\",\"line-height\":\"\"}'  class=\"bb-description ult-responsive\" style=\"font-weight:normal;color:#ffffff;\"><\/div>\n\t<\/div>\n<\/div>[\/vc_column][vc_column width=&#8221;1\/3&#8243;]\n<div id=\"interactive-banner-1-wrap-1328\" class=\"ult-banner-block ult-adjust-bottom-margin ult-bb-none  banner-style11 \"   style=\"\">\n\t<img src=\"https:\/\/mdsdefense.com\/tr\/wp-content\/uploads\/2018\/11\/yang.jpg\" alt=\"null\">\n\t<h3  data-ultimate-target='#interactive-banner-1-wrap-1328 .bb-top-title '  data-responsive-json-new='{\"font-size\":\"\",\"line-height\":\"\"}'  class=\"title-center bb-top-title ult-responsive\" style=\"font-weight:normal;background:#000000;color:#ffffff;\">Yang\u0131n E\u011fitim Sim\u00fclasyonlar\u0131<\/h3>\n\t<div class=\"mask opaque-background\" style=\"background:rgba(36,36,36,0.23);\">\n\t\t<div  data-ultimate-target='#interactive-banner-1-wrap-1328 .bb-description'  data-responsive-json-new='{\"font-size\":\"\",\"line-height\":\"\"}'  class=\"bb-description ult-responsive\" style=\"font-weight:normal;color:#ffffff;\"><\/div>\n\t<\/div>\n<\/div>[\/vc_column][\/vc_row][vc_row][vc_column width=&#8221;1\/3&#8243;]\n<div id=\"interactive-banner-1-wrap-1442\" class=\"ult-banner-block ult-adjust-bottom-margin ult-bb-none  banner-style11 \"   style=\"\">\n\t<img src=\"https:\/\/mdsdefense.com\/tr\/wp-content\/uploads\/2018\/10\/ilkyardim.jpg\" alt=\"null\">\n\t<h3  data-ultimate-target='#interactive-banner-1-wrap-1442 .bb-top-title '  data-responsive-json-new='{\"font-size\":\"\",\"line-height\":\"\"}'  class=\"title-center bb-top-title ult-responsive\" style=\"font-weight:normal;background:#000000;color:#ffffff;\">\u0130lk Yard\u0131m E\u011fitim Sim\u00fclasyonlar\u0131<\/h3>\n\t<div class=\"mask opaque-background\" style=\"background:rgba(36,36,36,0.23);\">\n\t\t<div  data-ultimate-target='#interactive-banner-1-wrap-1442 .bb-description'  data-responsive-json-new='{\"font-size\":\"\",\"line-height\":\"\"}'  class=\"bb-description ult-responsive\" style=\"font-weight:normal;color:#ffffff;\"><\/div>\n\t<\/div>\n<\/div>[\/vc_column][vc_column width=&#8221;1\/3&#8243;][\/vc_column][vc_column width=&#8221;1\/3&#8243;][\/vc_column][\/vc_row]<\/p>\n","protected":false},"excerpt":{"rendered":"<p>[vc_row][vc_column width=&#8221;1\/3&#8243;][\/vc_column][vc_column width=&#8221;1\/3&#8243;][\/vc_column][vc_column width=&#8221;1\/3&#8243;][\/vc_column][\/vc_row][vc_row][vc_column width=&#8221;1\/3&#8243;][\/vc_column][vc_column width=&#8221;1\/3&#8243;][\/vc_column][vc_column width=&#8221;1\/3&#8243;][\/vc_column][\/vc_row][vc_row][vc_column width=&#8221;1\/3&#8243;][\/vc_column][vc_column width=&#8221;1\/3&#8243;][\/vc_column][vc_column width=&#8221;1\/3&#8243;][\/vc_column][\/vc_row][vc_row][vc_column width=&#8221;1\/3&#8243;][\/vc_column][vc_column width=&#8221;1\/3&#8243;][\/vc_column][vc_column width=&#8221;1\/3&#8243;][\/vc_column][\/vc_row]<\/p>\n","protected":false},"author":1,"featured_media":0,"parent":20,"menu_order":0,"comment_status":"closed","ping_status":"closed","template":"","meta":[],"_links":{"self":[{"href":"https:\/\/mdsdefense.com\/tr\/wp-json\/wp\/v2\/pages\/37"}],"collection":[{"href":"https:\/\/mdsdefense.com\/tr\/wp-json\/wp\/v2\/pages"}],"about":[{"href":"https:\/\/mdsdefense.com\/tr\/wp-json\/wp\/v2\/types\/page"}],"author":[{"embeddable":true,"href":"https:\/\/mdsdefense.com\/tr\/wp-json\/wp\/v2\/users\/1"}],"replies":[{"embeddable":true,"href":"https:\/\/mdsdefense.com\/tr\/wp-json\/wp\/v2\/comments?post=37"}],"version-history":[{"count":3,"href":"https:\/\/mdsdefense.com\/tr\/wp-json\/wp\/v2\/pages\/37\/revisions"}],"predecessor-version":[{"id":527,"href":"https:\/\/mdsdefense.com\/tr\/wp-json\/wp\/v2\/pages\/37\/revisions\/527"}],"up":[{"embeddable":true,"href":"https:\/\/mdsdefense.com\/tr\/wp-json\/wp\/v2\/pages\/20"}],"wp:attachment":[{"href":"https:\/\/mdsdefense.com\/tr\/wp-json\/wp\/v2\/media?parent=37"}],"curies":[{"name":"wp","href":"https:\/\/api.w.org\/{rel}","templated":true}]}}